{"id":5562,"date":"2024-06-27T02:52:51","date_gmt":"2024-06-27T02:52:51","guid":{"rendered":"https:\/\/www.pre.pescasustentable.mx\/?post_type=product&#038;p=5562"},"modified":"2024-11-09T01:35:24","modified_gmt":"2024-11-09T01:35:24","slug":"almeja-generosa-viva","status":"publish","type":"product","link":"https:\/\/www.pescasustentable.mx\/?product=almeja-generosa-viva","title":{"rendered":"Almeja Generosa (viva)"},"content":{"rendered":"<p>El producto es enviado a planta para mantenerla en almacenamiento h\u00famedo antes de la distribuci\u00f3n. El producto no puede estar en contacto con hielo, no debe estar en temperaturas refrigeraci\u00f3n porque la almeja muere. Este producto se maneja vivo, empacado en cajas de foam conteniendo material de empaque para proteger y conservar el producto Una vez recibido en localizaci\u00f3n de venta, el producto debe ser desempacado cuidadosamente para evitar da\u00f1o por ruptura. Se recomienda mantenerlo en un sistema con almacenamiento h\u00famedo.<\/p>\n<p>Se extrae del fondo marino por medio de buceo semi- aut\u00f3nomo, se encuentra en profundidades que van desde los 15 a 30 mts. Su zona de captura es en San Felipe &#8211; Puertecitos en el Golfo de California. Proviene de \u00e1reas clasificadas aprobadas por COFEPRIS.<\/p>\n<p>&nbsp;<\/p>\n","protected":false},"excerpt":{"rendered":"<p><strong>Almeja Generosa<\/strong><em> (Panopea generosa) <\/em><\/p>\n<p>Molusco bivalvo de gran tama\u00f1o, que puede llegar a pesar hasta 3.25 kg; tiene como principal caracter\u00edstica un largo sif\u00f3n que le sirve para alimentarse, expulsar desechos y gametos durante el periodo reproductivo.<\/p>\n<p>&nbsp;<\/p>\n<p><a href=\"https:\/\/www.pescasustentable.mx\/wp-content\/uploads\/2024\/11\/FICHA-TECNICA-ALMJ-GENER-VIVA-.pdf\" target=\"_blank\" rel=\"noopener\"><img decoding=\"async\" class=\"alignnone wp-image-5903\" src=\"https:\/\/www.pescasustentable.mx\/wp-content\/uploads\/2024\/11\/fichatecnicapdficon.png\" alt=\"\" width=\"146\" height=\"166\" \/><\/a><\/p>\n<p>&nbsp;<\/p>\n","protected":false},"featured_media":5607,"comment_status":"open","ping_status":"closed","template":"","meta":[],"product_cat":[79],"product_tag":[80],"class_list":{"0":"post-5562","1":"product","2":"type-product","3":"status-publish","4":"has-post-thumbnail","6":"product_cat-peces","7":"product_tag-peces","9":"first","10":"instock","11":"featured","12":"shipping-taxable","13":"product-type-external"},"_links":{"self":[{"href":"https:\/\/www.pescasustentable.mx\/index.php?rest_route=\/wp\/v2\/product\/5562","targetHints":{"allow":["GET"]}}],"collection":[{"href":"https:\/\/www.pescasustentable.mx\/index.php?rest_route=\/wp\/v2\/product"}],"about":[{"href":"https:\/\/www.pescasustentable.mx\/index.php?rest_route=\/wp\/v2\/types\/product"}],"replies":[{"embeddable":true,"href":"https:\/\/www.pescasustentable.mx\/index.php?rest_route=%2Fwp%2Fv2%2Fcomments&post=5562"}],"wp:featuredmedia":[{"embeddable":true,"href":"https:\/\/www.pescasustentable.mx\/index.php?rest_route=\/wp\/v2\/media\/5607"}],"wp:attachment":[{"href":"https:\/\/www.pescasustentable.mx\/index.php?rest_route=%2Fwp%2Fv2%2Fmedia&parent=5562"}],"wp:term":[{"taxonomy":"product_cat","embeddable":true,"href":"https:\/\/www.pescasustentable.mx\/index.php?rest_route=%2Fwp%2Fv2%2Fproduct_cat&post=5562"},{"taxonomy":"product_tag","embeddable":true,"href":"https:\/\/www.pescasustentable.mx\/index.php?rest_route=%2Fwp%2Fv2%2Fproduct_tag&post=5562"}],"curies":[{"name":"wp","href":"https:\/\/api.w.org\/{rel}","templated":true}]}}