{"id":5624,"date":"2024-06-28T04:36:36","date_gmt":"2024-06-28T04:36:36","guid":{"rendered":"https:\/\/www.pre.pescasustentable.mx\/?post_type=product&#038;p=5624"},"modified":"2024-11-09T01:54:45","modified_gmt":"2024-11-09T01:54:45","slug":"callo-de-arbol","status":"publish","type":"product","link":"https:\/\/www.pescasustentable.mx\/?product=callo-de-arbol","title":{"rendered":"Callo de Hacha 80\/100"},"content":{"rendered":"<p class=\"p1\"><span class=\"s1\">Se encuentra en varios bancos en la zona de pesca de Puerto Lobos en los municipios de puerto Pe\u00f1asco y Caborca en el estado de Sonora, M\u00e9xico.<\/span><\/p>\n<p class=\"p1\"><span class=\"s1\">Es una especie altamente sensible a la manipulaci\u00f3n durante el cultivo. El potencial econ\u00f3mico que representa este recurso mantiene el inter\u00e9s de algunos sectores, ya que, podr\u00eda ser una alternativa para los pescadores.<\/span><\/p>\n<p class=\"p1\"><span class=\"s1\">La explotaci\u00f3n ilegal y la sobrepesca son y han sido los causantes principales de la decadencia de Pteria sterna.<\/span><\/p>\n","protected":false},"excerpt":{"rendered":"<p><strong>Callo de Hacha<\/strong><em> (Pteria Sterna)<\/em><\/p>\n<p><span class=\"s1\">Su pesca consiste en acercarse buceando a las zonas m\u00e1s rurales de la playa. Generalmente encuentra se en fondos lodosos y substratos duros. Las fechas de producci\u00f3n abarcan desde mediados de abril hasta agosto.<\/span><\/p>\n<p><a href=\"https:\/\/www.pescasustentable.mx\/wp-content\/uploads\/2024\/11\/Callo-de-Hacha-PSS.pdf\" target=\"_blank\" rel=\"noopener\"><img decoding=\"async\" class=\"alignnone wp-image-5903\" src=\"https:\/\/www.pescasustentable.mx\/wp-content\/uploads\/2024\/11\/fichatecnicapdficon.png\" alt=\"\" width=\"146\" height=\"166\" \/><\/a><\/p>\n","protected":false},"featured_media":5625,"comment_status":"open","ping_status":"closed","template":"","meta":[],"product_cat":[15],"product_tag":[],"class_list":{"0":"post-5624","1":"product","2":"type-product","3":"status-publish","4":"has-post-thumbnail","6":"product_cat-sin-categorizar","8":"first","9":"instock","10":"shipping-taxable","11":"product-type-simple"},"_links":{"self":[{"href":"https:\/\/www.pescasustentable.mx\/index.php?rest_route=\/wp\/v2\/product\/5624","targetHints":{"allow":["GET"]}}],"collection":[{"href":"https:\/\/www.pescasustentable.mx\/index.php?rest_route=\/wp\/v2\/product"}],"about":[{"href":"https:\/\/www.pescasustentable.mx\/index.php?rest_route=\/wp\/v2\/types\/product"}],"replies":[{"embeddable":true,"href":"https:\/\/www.pescasustentable.mx\/index.php?rest_route=%2Fwp%2Fv2%2Fcomments&post=5624"}],"wp:featuredmedia":[{"embeddable":true,"href":"https:\/\/www.pescasustentable.mx\/index.php?rest_route=\/wp\/v2\/media\/5625"}],"wp:attachment":[{"href":"https:\/\/www.pescasustentable.mx\/index.php?rest_route=%2Fwp%2Fv2%2Fmedia&parent=5624"}],"wp:term":[{"taxonomy":"product_cat","embeddable":true,"href":"https:\/\/www.pescasustentable.mx\/index.php?rest_route=%2Fwp%2Fv2%2Fproduct_cat&post=5624"},{"taxonomy":"product_tag","embeddable":true,"href":"https:\/\/www.pescasustentable.mx\/index.php?rest_route=%2Fwp%2Fv2%2Fproduct_tag&post=5624"}],"curies":[{"name":"wp","href":"https:\/\/api.w.org\/{rel}","templated":true}]}}