{"id":5642,"date":"2024-06-28T04:53:55","date_gmt":"2024-06-28T04:53:55","guid":{"rendered":"https:\/\/www.pre.pescasustentable.mx\/?post_type=product&#038;p=5642"},"modified":"2024-11-09T02:17:50","modified_gmt":"2024-11-09T02:17:50","slug":"filete-de-lobina-rayada-congelado","status":"publish","type":"product","link":"https:\/\/www.pescasustentable.mx\/?product=filete-de-lobina-rayada-congelado","title":{"rendered":"Huachinango de Cultivo"},"content":{"rendered":"<p class=\"p1\">Pez marino que presenta una caracter\u00edstica pigmentaci\u00f3n rojo intenso en el dorso, con la aleta dorsal y el cuerpo comprimido lateralmente. Tiene dientes cortos y afilados, pero carece de los caninos superiores encontrados en otros peces similares. Posee una talla m\u00ednima de 60 cm y de 80 cm como m\u00e1xima.<\/p>\n","protected":false},"excerpt":{"rendered":"<p><strong>Huachinango de cultivo<\/strong> <em>(Lutjanus peru)<\/em><\/p>\n<p>El Huachinango es muy similar en forma a otros miembros de su familia. La coloraci\u00f3n del cuerpo es roja a ligeramente rosa, intesific\u00e1ndose en la regi\u00f3n dorsal.<\/p>\n<p>La boca esta provista de dientes cortos y afilados, careciendo de los caninos superiores.<\/p>\n<p><a href=\"https:\/\/www.pescasustentable.mx\/wp-content\/uploads\/2024\/11\/Huachinango-PSS.pdf\" target=\"_blank\" rel=\"noopener\"><img decoding=\"async\" class=\"alignnone wp-image-5903\" src=\"https:\/\/www.pescasustentable.mx\/wp-content\/uploads\/2024\/11\/fichatecnicapdficon.png\" alt=\"\" width=\"146\" height=\"166\" \/><\/a><\/p>\n","protected":false},"featured_media":5778,"comment_status":"open","ping_status":"closed","template":"","meta":[],"product_cat":[79],"product_tag":[],"class_list":{"0":"post-5642","1":"product","2":"type-product","3":"status-publish","4":"has-post-thumbnail","6":"product_cat-peces","8":"first","9":"instock","10":"shipping-taxable","11":"product-type-simple"},"_links":{"self":[{"href":"https:\/\/www.pescasustentable.mx\/index.php?rest_route=\/wp\/v2\/product\/5642","targetHints":{"allow":["GET"]}}],"collection":[{"href":"https:\/\/www.pescasustentable.mx\/index.php?rest_route=\/wp\/v2\/product"}],"about":[{"href":"https:\/\/www.pescasustentable.mx\/index.php?rest_route=\/wp\/v2\/types\/product"}],"replies":[{"embeddable":true,"href":"https:\/\/www.pescasustentable.mx\/index.php?rest_route=%2Fwp%2Fv2%2Fcomments&post=5642"}],"wp:featuredmedia":[{"embeddable":true,"href":"https:\/\/www.pescasustentable.mx\/index.php?rest_route=\/wp\/v2\/media\/5778"}],"wp:attachment":[{"href":"https:\/\/www.pescasustentable.mx\/index.php?rest_route=%2Fwp%2Fv2%2Fmedia&parent=5642"}],"wp:term":[{"taxonomy":"product_cat","embeddable":true,"href":"https:\/\/www.pescasustentable.mx\/index.php?rest_route=%2Fwp%2Fv2%2Fproduct_cat&post=5642"},{"taxonomy":"product_tag","embeddable":true,"href":"https:\/\/www.pescasustentable.mx\/index.php?rest_route=%2Fwp%2Fv2%2Fproduct_tag&post=5642"}],"curies":[{"name":"wp","href":"https:\/\/api.w.org\/{rel}","templated":true}]}}