{"id":5644,"date":"2024-06-28T04:55:08","date_gmt":"2024-06-28T04:55:08","guid":{"rendered":"https:\/\/www.pre.pescasustentable.mx\/?post_type=product&#038;p=5644"},"modified":"2024-11-11T17:11:41","modified_gmt":"2024-11-11T17:11:41","slug":"filete-de-lobina-rayada","status":"publish","type":"product","link":"https:\/\/www.pescasustentable.mx\/?product=filete-de-lobina-rayada","title":{"rendered":"Lobina Entera Rayada"},"content":{"rendered":"<p class=\"p1\">A diferencia de las especies h\u00edbridas que actualmente se cultivan en estanques de agua dulce y lagos, la Lobina Rayada Pac\u00edfico es criada en granjas a mar abierto. Nuestra Lobina Rayada, tambi\u00e9n conocida como Lubina, son grandes peces plateados con rayas negras que recorren de forma longitudinal todo el largo de sus dorsos met\u00e1licos.<\/p>\n","protected":false},"excerpt":{"rendered":"<p><strong>Lobina Rayada<\/strong> <em>(Morone Saxatilis)<\/em><\/p>\n<p>De piel humeda y brillante, con rayas gris oscuro a gris claro de abdomen blanco y ojos saltones, limpios, transparentes y brillantes.<\/p>\n<p><a href=\"https:\/\/www.pescasustentable.mx\/wp-content\/uploads\/2024\/11\/Lobina-Rayada-PSS.pdf\" target=\"_blank\" rel=\"noopener\"><img decoding=\"async\" class=\"alignnone wp-image-5903\" src=\"https:\/\/www.pescasustentable.mx\/wp-content\/uploads\/2024\/11\/fichatecnicapdficon.png\" alt=\"\" width=\"146\" height=\"166\" \/><\/a><\/p>\n","protected":false},"featured_media":5645,"comment_status":"open","ping_status":"closed","template":"","meta":[],"product_cat":[79],"product_tag":[],"class_list":{"0":"post-5644","1":"product","2":"type-product","3":"status-publish","4":"has-post-thumbnail","6":"product_cat-peces","8":"first","9":"instock","10":"shipping-taxable","11":"product-type-simple"},"_links":{"self":[{"href":"https:\/\/www.pescasustentable.mx\/index.php?rest_route=\/wp\/v2\/product\/5644","targetHints":{"allow":["GET"]}}],"collection":[{"href":"https:\/\/www.pescasustentable.mx\/index.php?rest_route=\/wp\/v2\/product"}],"about":[{"href":"https:\/\/www.pescasustentable.mx\/index.php?rest_route=\/wp\/v2\/types\/product"}],"replies":[{"embeddable":true,"href":"https:\/\/www.pescasustentable.mx\/index.php?rest_route=%2Fwp%2Fv2%2Fcomments&post=5644"}],"wp:featuredmedia":[{"embeddable":true,"href":"https:\/\/www.pescasustentable.mx\/index.php?rest_route=\/wp\/v2\/media\/5645"}],"wp:attachment":[{"href":"https:\/\/www.pescasustentable.mx\/index.php?rest_route=%2Fwp%2Fv2%2Fmedia&parent=5644"}],"wp:term":[{"taxonomy":"product_cat","embeddable":true,"href":"https:\/\/www.pescasustentable.mx\/index.php?rest_route=%2Fwp%2Fv2%2Fproduct_cat&post=5644"},{"taxonomy":"product_tag","embeddable":true,"href":"https:\/\/www.pescasustentable.mx\/index.php?rest_route=%2Fwp%2Fv2%2Fproduct_tag&post=5644"}],"curies":[{"name":"wp","href":"https:\/\/api.w.org\/{rel}","templated":true}]}}