{"id":5660,"date":"2024-06-28T05:16:14","date_gmt":"2024-06-28T05:16:14","guid":{"rendered":"https:\/\/www.pre.pescasustentable.mx\/?post_type=product&#038;p=5660"},"modified":"2024-11-11T17:58:54","modified_gmt":"2024-11-11T17:58:54","slug":"ostion-japones","status":"publish","type":"product","link":"https:\/\/www.pescasustentable.mx\/?product=ostion-japones","title":{"rendered":"Osti\u00f3n Japon\u00e9s"},"content":{"rendered":"<p class=\"p1\"><span class=\"s1\">Especie ex\u00f3tica de los mares de Jap\u00f3n y Corea. Actualmente, presenta una eficiente propagaci\u00f3n,<span class=\"Apple-converted-space\">\u00a0 <\/span>en las aguas templadas del Pac\u00edfico Norte del pa\u00eds, principalmente en Baja California Norte y Sur, Sonora, y Sinaloa.\u00a0<\/span><\/p>\n<p class=\"p1\"><span class=\"s1\">Preferencia a sustratos firmes; vive adherida a rocas, deshechos y conchas. Habita desde la zona intermareal m\u00e1s profunda hasta profundidades de 40 m. Tambi\u00e9n pueden encontrarse en fondos arenosos y lodosos.<\/span><\/p>\n<p>&nbsp;<\/p>\n","protected":false},"excerpt":{"rendered":"<p><strong>Osti\u00f3n Japon\u00e9s<\/strong> <em>(Crassostrea gigas)<\/em><\/p>\n<p>Concha solida con dos valvas desiguales, extremadamente rugosa, aflautada y laminada. El interior de la concha es blanco, con un solo m\u00fasculo que algunas veces es oscuro sin llegar al negro.<\/p>\n<p><a href=\"https:\/\/www.pescasustentable.mx\/wp-content\/uploads\/2024\/11\/Ostion-Japones-PSS.pdf\" target=\"_blank\" rel=\"noopener\"><img decoding=\"async\" class=\"alignnone wp-image-5903\" src=\"https:\/\/www.pescasustentable.mx\/wp-content\/uploads\/2024\/11\/fichatecnicapdficon.png\" alt=\"\" width=\"146\" height=\"166\" \/><\/a><\/p>\n","protected":false},"featured_media":5922,"comment_status":"open","ping_status":"closed","template":"","meta":[],"product_cat":[79],"product_tag":[],"class_list":{"0":"post-5660","1":"product","2":"type-product","3":"status-publish","4":"has-post-thumbnail","6":"product_cat-peces","8":"first","9":"instock","10":"shipping-taxable","11":"product-type-simple"},"_links":{"self":[{"href":"https:\/\/www.pescasustentable.mx\/index.php?rest_route=\/wp\/v2\/product\/5660","targetHints":{"allow":["GET"]}}],"collection":[{"href":"https:\/\/www.pescasustentable.mx\/index.php?rest_route=\/wp\/v2\/product"}],"about":[{"href":"https:\/\/www.pescasustentable.mx\/index.php?rest_route=\/wp\/v2\/types\/product"}],"replies":[{"embeddable":true,"href":"https:\/\/www.pescasustentable.mx\/index.php?rest_route=%2Fwp%2Fv2%2Fcomments&post=5660"}],"wp:featuredmedia":[{"embeddable":true,"href":"https:\/\/www.pescasustentable.mx\/index.php?rest_route=\/wp\/v2\/media\/5922"}],"wp:attachment":[{"href":"https:\/\/www.pescasustentable.mx\/index.php?rest_route=%2Fwp%2Fv2%2Fmedia&parent=5660"}],"wp:term":[{"taxonomy":"product_cat","embeddable":true,"href":"https:\/\/www.pescasustentable.mx\/index.php?rest_route=%2Fwp%2Fv2%2Fproduct_cat&post=5660"},{"taxonomy":"product_tag","embeddable":true,"href":"https:\/\/www.pescasustentable.mx\/index.php?rest_route=%2Fwp%2Fv2%2Fproduct_tag&post=5660"}],"curies":[{"name":"wp","href":"https:\/\/api.w.org\/{rel}","templated":true}]}}