{"id":5678,"date":"2024-06-28T05:17:38","date_gmt":"2024-06-28T05:17:38","guid":{"rendered":"https:\/\/www.pre.pescasustentable.mx\/?post_type=product&#038;p=5678"},"modified":"2024-11-11T18:23:02","modified_gmt":"2024-11-11T18:23:02","slug":"robalo-entero-del-golfo-de-mexico","status":"publish","type":"product","link":"https:\/\/www.pescasustentable.mx\/?product=robalo-entero-del-golfo-de-mexico","title":{"rendered":"Robalo Entero"},"content":{"rendered":"","protected":false},"excerpt":{"rendered":"<p><strong>Robalo Entero<\/strong> <em>(Centropomus Undecimalis)<\/em><\/p>\n<p>El\u00a0r\u00f3balo es\u00a0un pez marino y de agua dulce de la familia\u00a0centrop\u00f3midos, distribuido por el\u00a0mar Caribe, el\u00a0Golfo de M\u00e9xico y la costa este del Oc\u00e9ano Atl\u00e1ntico\u00a0desde\u00a0Florida\u00a0hasta\u00a0Brasil.<\/p>\n<p><sup id=\"cite_ref-FishBase_2-0\" class=\"reference separada\"><a href=\"https:\/\/www.pescasustentable.mx\/wp-content\/uploads\/2024\/11\/Robalo-Entero-PSS.pdf\" target=\"_blank\" rel=\"noopener\"><img decoding=\"async\" class=\"alignnone wp-image-5903\" src=\"https:\/\/www.pescasustentable.mx\/wp-content\/uploads\/2024\/11\/fichatecnicapdficon.png\" alt=\"\" width=\"146\" height=\"166\" \/><\/a><\/sup>\u200b<\/p>\n<p>&nbsp;<\/p>\n","protected":false},"featured_media":5662,"comment_status":"open","ping_status":"closed","template":"","meta":[],"product_cat":[79],"product_tag":[],"class_list":{"0":"post-5678","1":"product","2":"type-product","3":"status-publish","4":"has-post-thumbnail","6":"product_cat-peces","8":"first","9":"instock","10":"shipping-taxable","11":"product-type-simple"},"_links":{"self":[{"href":"https:\/\/www.pescasustentable.mx\/index.php?rest_route=\/wp\/v2\/product\/5678","targetHints":{"allow":["GET"]}}],"collection":[{"href":"https:\/\/www.pescasustentable.mx\/index.php?rest_route=\/wp\/v2\/product"}],"about":[{"href":"https:\/\/www.pescasustentable.mx\/index.php?rest_route=\/wp\/v2\/types\/product"}],"replies":[{"embeddable":true,"href":"https:\/\/www.pescasustentable.mx\/index.php?rest_route=%2Fwp%2Fv2%2Fcomments&post=5678"}],"wp:featuredmedia":[{"embeddable":true,"href":"https:\/\/www.pescasustentable.mx\/index.php?rest_route=\/wp\/v2\/media\/5662"}],"wp:attachment":[{"href":"https:\/\/www.pescasustentable.mx\/index.php?rest_route=%2Fwp%2Fv2%2Fmedia&parent=5678"}],"wp:term":[{"taxonomy":"product_cat","embeddable":true,"href":"https:\/\/www.pescasustentable.mx\/index.php?rest_route=%2Fwp%2Fv2%2Fproduct_cat&post=5678"},{"taxonomy":"product_tag","embeddable":true,"href":"https:\/\/www.pescasustentable.mx\/index.php?rest_route=%2Fwp%2Fv2%2Fproduct_tag&post=5678"}],"curies":[{"name":"wp","href":"https:\/\/api.w.org\/{rel}","templated":true}]}}