{"id":5683,"date":"2024-06-28T05:26:31","date_gmt":"2024-06-28T05:26:31","guid":{"rendered":"https:\/\/www.pre.pescasustentable.mx\/?post_type=product&#038;p=5683"},"modified":"2024-11-11T03:24:08","modified_gmt":"2024-11-11T03:24:08","slug":"trucha-en-filete-ahumada-en-caliente-congelada-salmonada","status":"publish","type":"product","link":"https:\/\/www.pescasustentable.mx\/?product=trucha-en-filete-ahumada-en-caliente-congelada-salmonada","title":{"rendered":"Jurel Cola Amarilla"},"content":{"rendered":"","protected":false},"excerpt":{"rendered":"<p><strong>Jurel cola amarilla<\/strong> <em>(Seriola lalandi)<\/em><\/p>\n<p>Es un pez de cola amarilla, sin l\u00ednea negra en los ojos; solo se puede encontrar en aguas subtropicales o templadas calientes. Es un pez tropical, de tama\u00f1o medio, que habita en aguas c\u00e1lidas.<\/p>\n<p><sup id=\"cite_ref-1\" class=\"reference separada\"><\/sup>\u200b<\/p>\n","protected":false},"featured_media":5800,"comment_status":"open","ping_status":"closed","template":"","meta":[],"product_cat":[79],"product_tag":[],"class_list":{"0":"post-5683","1":"product","2":"type-product","3":"status-publish","4":"has-post-thumbnail","6":"product_cat-peces","8":"first","9":"instock","10":"shipping-taxable","11":"product-type-simple"},"_links":{"self":[{"href":"https:\/\/www.pescasustentable.mx\/index.php?rest_route=\/wp\/v2\/product\/5683","targetHints":{"allow":["GET"]}}],"collection":[{"href":"https:\/\/www.pescasustentable.mx\/index.php?rest_route=\/wp\/v2\/product"}],"about":[{"href":"https:\/\/www.pescasustentable.mx\/index.php?rest_route=\/wp\/v2\/types\/product"}],"replies":[{"embeddable":true,"href":"https:\/\/www.pescasustentable.mx\/index.php?rest_route=%2Fwp%2Fv2%2Fcomments&post=5683"}],"wp:featuredmedia":[{"embeddable":true,"href":"https:\/\/www.pescasustentable.mx\/index.php?rest_route=\/wp\/v2\/media\/5800"}],"wp:attachment":[{"href":"https:\/\/www.pescasustentable.mx\/index.php?rest_route=%2Fwp%2Fv2%2Fmedia&parent=5683"}],"wp:term":[{"taxonomy":"product_cat","embeddable":true,"href":"https:\/\/www.pescasustentable.mx\/index.php?rest_route=%2Fwp%2Fv2%2Fproduct_cat&post=5683"},{"taxonomy":"product_tag","embeddable":true,"href":"https:\/\/www.pescasustentable.mx\/index.php?rest_route=%2Fwp%2Fv2%2Fproduct_tag&post=5683"}],"curies":[{"name":"wp","href":"https:\/\/api.w.org\/{rel}","templated":true}]}}