{"id":5685,"date":"2024-06-28T05:28:46","date_gmt":"2024-06-28T05:28:46","guid":{"rendered":"https:\/\/www.pre.pescasustentable.mx\/?post_type=product&#038;p=5685"},"modified":"2024-09-24T20:38:17","modified_gmt":"2024-09-24T20:38:17","slug":"trucha-en-filete-congelada-salmonada","status":"publish","type":"product","link":"https:\/\/www.pescasustentable.mx\/?product=trucha-en-filete-congelada-salmonada","title":{"rendered":"Curvina Blanca"},"content":{"rendered":"<p>La curvina es una especie pesquera que debe incluirse como una alternativa viable en el h\u00e1bito alimenticio de la poblaci\u00f3n desde edades tempranas y durante la etapa adulta, ya que es un producto saludable que posee valiosas propiedades nutricionales.<\/p>\n<p>Entre sus m\u00faltiples beneficios destaca su alto contenido de prote\u00ednas que favorecen a la salud; adem\u00e1s se recomienda el consumo de este pescado de carne blanca por ser f\u00e1cilmente digerible, as\u00ed como el gran contenido de vitaminas, principalmente A, y minerales como el f\u00f3sforo, hierro, calcio, potasio y magnesio.<\/p>\n","protected":false},"excerpt":{"rendered":"<p>La curvina es una especie pesquera que debe incluirse como una alternativa viable en el h\u00e1bito alimenticio de la poblaci\u00f3n desde edades tempranas y durante la etapa adulta, ya que es un producto saludable que posee valiosas propiedades nutricionales. Entre sus m\u00faltiples beneficios destaca su alto contenido de prote\u00ednas que favorecen a la salud; adem\u00e1s [&hellip;]<\/p>\n","protected":false},"featured_media":5794,"comment_status":"open","ping_status":"closed","template":"","meta":[],"product_cat":[79],"product_tag":[],"class_list":{"0":"post-5685","1":"product","2":"type-product","3":"status-publish","4":"has-post-thumbnail","6":"product_cat-peces","8":"first","9":"instock","10":"shipping-taxable","11":"product-type-simple"},"_links":{"self":[{"href":"https:\/\/www.pescasustentable.mx\/index.php?rest_route=\/wp\/v2\/product\/5685","targetHints":{"allow":["GET"]}}],"collection":[{"href":"https:\/\/www.pescasustentable.mx\/index.php?rest_route=\/wp\/v2\/product"}],"about":[{"href":"https:\/\/www.pescasustentable.mx\/index.php?rest_route=\/wp\/v2\/types\/product"}],"replies":[{"embeddable":true,"href":"https:\/\/www.pescasustentable.mx\/index.php?rest_route=%2Fwp%2Fv2%2Fcomments&post=5685"}],"wp:featuredmedia":[{"embeddable":true,"href":"https:\/\/www.pescasustentable.mx\/index.php?rest_route=\/wp\/v2\/media\/5794"}],"wp:attachment":[{"href":"https:\/\/www.pescasustentable.mx\/index.php?rest_route=%2Fwp%2Fv2%2Fmedia&parent=5685"}],"wp:term":[{"taxonomy":"product_cat","embeddable":true,"href":"https:\/\/www.pescasustentable.mx\/index.php?rest_route=%2Fwp%2Fv2%2Fproduct_cat&post=5685"},{"taxonomy":"product_tag","embeddable":true,"href":"https:\/\/www.pescasustentable.mx\/index.php?rest_route=%2Fwp%2Fv2%2Fproduct_tag&post=5685"}],"curies":[{"name":"wp","href":"https:\/\/api.w.org\/{rel}","templated":true}]}}