{"id":5689,"date":"2024-06-28T05:35:53","date_gmt":"2024-06-28T05:35:53","guid":{"rendered":"https:\/\/www.pre.pescasustentable.mx\/?post_type=product&#038;p=5689"},"modified":"2024-11-11T18:34:24","modified_gmt":"2024-11-11T18:34:24","slug":"trucha-en-filete-ahumada-en-caliente-ahumada-salmonada","status":"publish","type":"product","link":"https:\/\/www.pescasustentable.mx\/?product=trucha-en-filete-ahumada-en-caliente-ahumada-salmonada","title":{"rendered":"Totoaba de Cultivo"},"content":{"rendered":"<p class=\"p1\"><span class=\"s1\">\u00a0<\/span><\/p>\n","protected":false},"excerpt":{"rendered":"<p><strong>Totoaba de Cultivo<\/strong> <em>(Totoaba Macdonaldi)<\/em><\/p>\n<p>Cuerpo alargado con cabeza puntiaguda, boca grande, mandibula inferior apenas prominente, ojos peque\u00f1os. La aleta caudal est\u00e1 doblemente truncada. El color es ocre, con vientre plateado con manchas negras sobre el cuerpo, las aletas son gris\u00e1ceas, color amarillo en la superficie ventral de la cabeza y el pecho. Fuera del agua, tienen el cuerpo brillante color dorado -ocre-.<\/p>\n<p><a href=\"https:\/\/www.pescasustentable.mx\/wp-content\/uploads\/2024\/11\/Totoaba-PSS.pdf\" target=\"_blank\" rel=\"noopener\"><img decoding=\"async\" class=\"alignnone wp-image-5903\" src=\"https:\/\/www.pescasustentable.mx\/wp-content\/uploads\/2024\/11\/fichatecnicapdficon.png\" alt=\"\" width=\"146\" height=\"166\" \/><\/a><\/p>\n","protected":false},"featured_media":5789,"comment_status":"open","ping_status":"closed","template":"","meta":[],"product_cat":[79],"product_tag":[],"class_list":{"0":"post-5689","1":"product","2":"type-product","3":"status-publish","4":"has-post-thumbnail","6":"product_cat-peces","8":"first","9":"instock","10":"shipping-taxable","11":"product-type-simple"},"_links":{"self":[{"href":"https:\/\/www.pescasustentable.mx\/index.php?rest_route=\/wp\/v2\/product\/5689","targetHints":{"allow":["GET"]}}],"collection":[{"href":"https:\/\/www.pescasustentable.mx\/index.php?rest_route=\/wp\/v2\/product"}],"about":[{"href":"https:\/\/www.pescasustentable.mx\/index.php?rest_route=\/wp\/v2\/types\/product"}],"replies":[{"embeddable":true,"href":"https:\/\/www.pescasustentable.mx\/index.php?rest_route=%2Fwp%2Fv2%2Fcomments&post=5689"}],"wp:featuredmedia":[{"embeddable":true,"href":"https:\/\/www.pescasustentable.mx\/index.php?rest_route=\/wp\/v2\/media\/5789"}],"wp:attachment":[{"href":"https:\/\/www.pescasustentable.mx\/index.php?rest_route=%2Fwp%2Fv2%2Fmedia&parent=5689"}],"wp:term":[{"taxonomy":"product_cat","embeddable":true,"href":"https:\/\/www.pescasustentable.mx\/index.php?rest_route=%2Fwp%2Fv2%2Fproduct_cat&post=5689"},{"taxonomy":"product_tag","embeddable":true,"href":"https:\/\/www.pescasustentable.mx\/index.php?rest_route=%2Fwp%2Fv2%2Fproduct_tag&post=5689"}],"curies":[{"name":"wp","href":"https:\/\/api.w.org\/{rel}","templated":true}]}}