{"id":5692,"date":"2024-06-28T05:39:39","date_gmt":"2024-06-28T05:39:39","guid":{"rendered":"https:\/\/www.pre.pescasustentable.mx\/?post_type=product&#038;p=5692"},"modified":"2024-11-11T18:47:03","modified_gmt":"2024-11-11T18:47:03","slug":"trucha-salmonada","status":"publish","type":"product","link":"https:\/\/www.pescasustentable.mx\/?product=trucha-salmonada","title":{"rendered":"Trucha Salmonada"},"content":{"rendered":"<p class=\"p1\"><span class=\"s1\">Se busca que su alimentaci\u00f3n sea libre de qu\u00edmicos, pesticidas y metales pesados tales como mercurio, aluminio, cobre, n\u00edquel. plomo y zinc, entre otros para obtener productos saludables y ricos a la vez.<\/span><\/p>\n<p class=\"p1\"><span class=\"s1\">En una regi\u00f3n amenazada por la tala clandestina y siembra indiscriminada de aguacates, se buscaba producir ingredientes que no comprometan los recursos naturales a largo plazo. A partir de ah\u00ed, se construyeron estanques que obedec\u00edan la geograf\u00eda y se aprovech\u00f3 el agua de la zona para comenzar una granja que diera m\u00e1s vida al Bosque de Zit\u00e1cuaro.<\/span><\/p>\n<p>&nbsp;<\/p>\n","protected":false},"excerpt":{"rendered":"<p><strong>Trucha Salmonada<\/strong> <em>(Onchorhynchus Mykiss)<\/em><\/p>\n<p>De carne firme, textura suave y color rosaceo-anaranjado. Su rango de tama\u00f1o es de entre 20 y 40 cms.<\/p>\n<p>Las truchas son criadas desde el desove y son retiradas de los estanques utilizando redes tipo cuchara y colocadas inmediatamente en hielo para sacrificarlas por golpe de fr\u00edo.<\/p>\n<p><a href=\"https:\/\/www.pescasustentable.mx\/wp-content\/uploads\/2024\/11\/Trucha-Salmonada-PSS.pdf\" target=\"_blank\" rel=\"noopener\"><img decoding=\"async\" class=\"alignnone wp-image-5903\" src=\"https:\/\/www.pescasustentable.mx\/wp-content\/uploads\/2024\/11\/fichatecnicapdficon.png\" alt=\"\" width=\"146\" height=\"166\" \/><\/a><\/p>\n","protected":false},"featured_media":5676,"comment_status":"open","ping_status":"closed","template":"","meta":[],"product_cat":[79],"product_tag":[],"class_list":{"0":"post-5692","1":"product","2":"type-product","3":"status-publish","4":"has-post-thumbnail","6":"product_cat-peces","8":"first","9":"instock","10":"shipping-taxable","11":"product-type-simple"},"_links":{"self":[{"href":"https:\/\/www.pescasustentable.mx\/index.php?rest_route=\/wp\/v2\/product\/5692","targetHints":{"allow":["GET"]}}],"collection":[{"href":"https:\/\/www.pescasustentable.mx\/index.php?rest_route=\/wp\/v2\/product"}],"about":[{"href":"https:\/\/www.pescasustentable.mx\/index.php?rest_route=\/wp\/v2\/types\/product"}],"replies":[{"embeddable":true,"href":"https:\/\/www.pescasustentable.mx\/index.php?rest_route=%2Fwp%2Fv2%2Fcomments&post=5692"}],"wp:featuredmedia":[{"embeddable":true,"href":"https:\/\/www.pescasustentable.mx\/index.php?rest_route=\/wp\/v2\/media\/5676"}],"wp:attachment":[{"href":"https:\/\/www.pescasustentable.mx\/index.php?rest_route=%2Fwp%2Fv2%2Fmedia&parent=5692"}],"wp:term":[{"taxonomy":"product_cat","embeddable":true,"href":"https:\/\/www.pescasustentable.mx\/index.php?rest_route=%2Fwp%2Fv2%2Fproduct_cat&post=5692"},{"taxonomy":"product_tag","embeddable":true,"href":"https:\/\/www.pescasustentable.mx\/index.php?rest_route=%2Fwp%2Fv2%2Fproduct_tag&post=5692"}],"curies":[{"name":"wp","href":"https:\/\/api.w.org\/{rel}","templated":true}]}}