{"id":722,"date":"2016-03-11T02:59:26","date_gmt":"2016-03-11T02:59:26","guid":{"rendered":"https:\/\/gaviaspreview.com\/wp\/oxpitan\/?post_type=product&#038;p=722"},"modified":"2024-11-11T18:51:48","modified_gmt":"2024-11-11T18:51:48","slug":"aj-roman-wall-clock","status":"publish","type":"product","link":"https:\/\/www.pescasustentable.mx\/?product=aj-roman-wall-clock","title":{"rendered":"Trucha Blanca"},"content":{"rendered":"<p>Su h\u00e1bitat es en agua de manantial blanda entre 14 y 16 \u00b0C. producto de la filtraci\u00f3n natural en suelos arenosos de origen volc\u00e1nico en los bosques de la Reserva de la Bi\u00f3sfera de la Mariposa Monarca.<\/p>\n","protected":false},"excerpt":{"rendered":"<p><strong>Trucha Blanca<\/strong> <em>(Onchorhynchus Mykiss)<\/em><\/p>\n<p>Entera fresca evicserada.<\/p>\n<p>Presenta una coloraci\u00f3n verde azulada y oscura en el dorso, con los lados mas claros y el vientre tirando a blanco. Sus flancos poseen una banda ancha de color anaranjado o rojizo. Por lo general no supera los 40 cms. de longitud.<\/p>\n<p><a href=\"https:\/\/www.pescasustentable.mx\/wp-content\/uploads\/2024\/11\/Trucha-Blanca-PSS.pdf\" target=\"_blank\" rel=\"noopener\"><img decoding=\"async\" class=\"alignnone wp-image-5903\" src=\"https:\/\/www.pescasustentable.mx\/wp-content\/uploads\/2024\/11\/fichatecnicapdficon.png\" alt=\"\" width=\"146\" height=\"166\" \/><\/a><\/p>\n","protected":false},"featured_media":5592,"comment_status":"open","ping_status":"closed","template":"","meta":[],"product_cat":[79],"product_tag":[42,45],"class_list":{"0":"post-722","1":"product","2":"type-product","3":"status-publish","4":"has-post-thumbnail","6":"product_cat-peces","7":"product_tag-galaxy","8":"product_tag-laptop-gamming","10":"first","11":"instock","12":"featured","13":"shipping-taxable","14":"product-type-simple"},"_links":{"self":[{"href":"https:\/\/www.pescasustentable.mx\/index.php?rest_route=\/wp\/v2\/product\/722","targetHints":{"allow":["GET"]}}],"collection":[{"href":"https:\/\/www.pescasustentable.mx\/index.php?rest_route=\/wp\/v2\/product"}],"about":[{"href":"https:\/\/www.pescasustentable.mx\/index.php?rest_route=\/wp\/v2\/types\/product"}],"replies":[{"embeddable":true,"href":"https:\/\/www.pescasustentable.mx\/index.php?rest_route=%2Fwp%2Fv2%2Fcomments&post=722"}],"wp:featuredmedia":[{"embeddable":true,"href":"https:\/\/www.pescasustentable.mx\/index.php?rest_route=\/wp\/v2\/media\/5592"}],"wp:attachment":[{"href":"https:\/\/www.pescasustentable.mx\/index.php?rest_route=%2Fwp%2Fv2%2Fmedia&parent=722"}],"wp:term":[{"taxonomy":"product_cat","embeddable":true,"href":"https:\/\/www.pescasustentable.mx\/index.php?rest_route=%2Fwp%2Fv2%2Fproduct_cat&post=722"},{"taxonomy":"product_tag","embeddable":true,"href":"https:\/\/www.pescasustentable.mx\/index.php?rest_route=%2Fwp%2Fv2%2Fproduct_tag&post=722"}],"curies":[{"name":"wp","href":"https:\/\/api.w.org\/{rel}","templated":true}]}}