{"id":912,"date":"2016-03-26T09:32:45","date_gmt":"2016-03-26T09:32:45","guid":{"rendered":"https:\/\/gaviaspreview.com\/wp\/oxpitan\/?post_type=product&#038;p=912"},"modified":"2024-11-09T01:32:37","modified_gmt":"2024-11-09T01:32:37","slug":"bird-house-cuckoo-clock","status":"publish","type":"product","link":"https:\/\/www.pescasustentable.mx\/?product=bird-house-cuckoo-clock","title":{"rendered":"Almeja Chocolata Viva"},"content":{"rendered":"<p>Este producto se maneja vivo, empacado en cajas de foam conteniendo 8 docenas y un peso aproximado de 20 kg por caja. Una vez recibido en localizaci\u00f3n de ve nta, el producto debe ser desempacado cuidadosamente para evitar da\u00f1o por ruptura. Se recomienda almacenarlo en lugar h\u00famedo fresco (aprox. 15\u00b0C a 18\u00b0C). Evitar el enhielado y\/o almacenarlo a temperaturas por debajo de los 14\u00b0C o por encima de los 20\u00b0C. De preferencia utilizar manta gruesa humedecida o cualquier tela que no desprenda fibras para cubrir el producto a manera de evitar contacto con corrientes de aire que pudieran deshidratarlo. En el caso de almacenamiento en dep\u00f3sito de agua de mar, esta de deber\u00e1 cumplir con los siguientes par\u00e1metrossa.<\/p>\n","protected":false},"excerpt":{"rendered":"<p>La <strong>Almeja Chocolata<\/strong> <em>(Megapitaria squalida)<\/em> se extrae del agua de mar, entre los 5 a 10 mts y se colecta mediante el buceo semiaut\u00f3nomo.<\/p>\n<p>Molusco bivalvo de concha gruesa porcelanosa, lisa, de forma triangular, alargada. Color de la concha variado: caf\u00e9 claro o crema u ornamentado con l\u00edneas conc\u00e9ntricas en zig-zag y l\u00edneas radiales de color caf\u00e9 obscuro. El interior de la concha es blanco con un tinte viol\u00e1ceo ligero.<\/p>\n<p>&nbsp;<\/p>\n<p><a href=\"https:\/\/www.pescasustentable.mx\/wp-content\/uploads\/2024\/11\/Almeja-Chocolata-PSS.pdf\" target=\"_blank\" rel=\"noopener\"><img decoding=\"async\" class=\"alignnone wp-image-5903\" src=\"https:\/\/www.pescasustentable.mx\/wp-content\/uploads\/2024\/11\/fichatecnicapdficon.png\" alt=\"\" width=\"146\" height=\"166\" \/><\/a><\/p>\n","protected":false},"featured_media":5563,"comment_status":"open","ping_status":"closed","template":"","meta":[],"product_cat":[79],"product_tag":[],"class_list":{"0":"post-912","1":"product","2":"type-product","3":"status-publish","4":"has-post-thumbnail","6":"product_cat-peces","8":"first","9":"instock","10":"featured","11":"shipping-taxable","12":"product-type-simple"},"_links":{"self":[{"href":"https:\/\/www.pescasustentable.mx\/index.php?rest_route=\/wp\/v2\/product\/912","targetHints":{"allow":["GET"]}}],"collection":[{"href":"https:\/\/www.pescasustentable.mx\/index.php?rest_route=\/wp\/v2\/product"}],"about":[{"href":"https:\/\/www.pescasustentable.mx\/index.php?rest_route=\/wp\/v2\/types\/product"}],"replies":[{"embeddable":true,"href":"https:\/\/www.pescasustentable.mx\/index.php?rest_route=%2Fwp%2Fv2%2Fcomments&post=912"}],"wp:featuredmedia":[{"embeddable":true,"href":"https:\/\/www.pescasustentable.mx\/index.php?rest_route=\/wp\/v2\/media\/5563"}],"wp:attachment":[{"href":"https:\/\/www.pescasustentable.mx\/index.php?rest_route=%2Fwp%2Fv2%2Fmedia&parent=912"}],"wp:term":[{"taxonomy":"product_cat","embeddable":true,"href":"https:\/\/www.pescasustentable.mx\/index.php?rest_route=%2Fwp%2Fv2%2Fproduct_cat&post=912"},{"taxonomy":"product_tag","embeddable":true,"href":"https:\/\/www.pescasustentable.mx\/index.php?rest_route=%2Fwp%2Fv2%2Fproduct_tag&post=912"}],"curies":[{"name":"wp","href":"https:\/\/api.w.org\/{rel}","templated":true}]}}